{"id":90231,"date":"2014-12-15T18:14:09","date_gmt":"2014-12-15T17:14:09","guid":{"rendered":"https:\/\/optimoregroup.com\/contact\/"},"modified":"2025-12-02T09:29:44","modified_gmt":"2025-12-02T09:29:44","slug":"iletisim","status":"publish","type":"page","link":"https:\/\/optimoregroup.com\/tr\/iletisim\/","title":{"rendered":"\u0130leti\u015fim"},"content":{"rendered":"<p>[vc_row row_height_percent=&#8221;0&#8243; override_padding=&#8221;yes&#8221; h_padding=&#8221;2&#8243; top_padding=&#8221;5&#8243; bottom_padding=&#8221;5&#8243; overlay_alpha=&#8221;100&#8243; gutter_size=&#8221;100&#8243; column_width_percent=&#8221;100&#8243; shift_y=&#8221;0&#8243; z_index=&#8221;0&#8243; style=&#8221;inherited&#8221;][vc_column column_width_use_pixel=&#8221;yes&#8221; align_horizontal=&#8221;align_center&#8221; gutter_size=&#8221;4&#8243; overlay_alpha=&#8221;100&#8243; shift_x=&#8221;0&#8243; shift_y=&#8221;0&#8243; medium_width=&#8221;100&#8243; zoom_width=&#8221;0&#8243; zoom_height=&#8221;0&#8243; width=&#8221;1\/1&#8243; column_width_pixel=&#8221;1400&#8243;][vc_row_inner row_inner_height_percent=&#8221;0&#8243; overlay_alpha=&#8221;100&#8243; gutter_size=&#8221;3&#8243; shift_y=&#8221;0&#8243;][vc_column_inner column_width_percent=&#8221;100&#8243; align_horizontal=&#8221;align_center&#8221; gutter_size=&#8221;3&#8243; overlay_alpha=&#8221;100&#8243; shift_x=&#8221;0&#8243; shift_y=&#8221;0&#8243; medium_width=&#8221;3&#8243; zoom_width=&#8221;0&#8243; zoom_height=&#8221;0&#8243; width=&#8221;1\/3&#8243;][vc_icon icon=&#8221;fa fa-envelope2&#8243; icon_color=&#8221;accent&#8221; size=&#8221;fa-3x&#8221; heading_semantic=&#8221;h5&#8243; text_font=&#8221;font-762333&#8243; text_size=&#8221;h4&#8243; text_space=&#8221;fontspace-111509&#8243; text_reduced=&#8221;yes&#8221; title=&#8221;E-posta&#8221; link=&#8221;url:mailto%3Ainfo%40optimumbrand.com|target:_blank&#8221; link_text=&#8221;E-posta g\u00f6nder&#8221;]info@optimumbrand.com[\/vc_icon][\/vc_column_inner][vc_column_inner column_width_percent=&#8221;100&#8243; align_horizontal=&#8221;align_center&#8221; gutter_size=&#8221;3&#8243; overlay_alpha=&#8221;100&#8243; shift_x=&#8221;0&#8243; shift_y=&#8221;0&#8243; shift_y_down=&#8221;0&#8243; z_index=&#8221;0&#8243; medium_width=&#8221;3&#8243; mobile_width=&#8221;0&#8243; zoom_width=&#8221;0&#8243; zoom_height=&#8221;0&#8243; width=&#8221;1\/3&#8243;][vc_icon icon=&#8221;fa fa-chat&#8221; icon_color=&#8221;accent&#8221; size=&#8221;fa-3x&#8221; heading_semantic=&#8221;h5&#8243; text_font=&#8221;font-762333&#8243; text_size=&#8221;h4&#8243; text_space=&#8221;fontspace-111509&#8243; text_reduced=&#8221;yes&#8221; title=&#8221;Telefon &amp; Faks&#8221; link=&#8221;url:tel%3A%2B902122740774|target:_blank&#8221; link_text=&#8221;Bizi Aray\u0131n&#8221;]+90 (212) 274 07 74<br \/>\n+90 (212) 275 08 88[\/vc_icon][\/vc_column_inner][vc_column_inner column_width_percent=&#8221;100&#8243; align_horizontal=&#8221;align_center&#8221; gutter_size=&#8221;3&#8243; overlay_alpha=&#8221;100&#8243; shift_x=&#8221;0&#8243; shift_y=&#8221;0&#8243; medium_width=&#8221;3&#8243; zoom_width=&#8221;0&#8243; zoom_height=&#8221;0&#8243; width=&#8221;1\/3&#8243;][vc_icon icon=&#8221;fa fa-map-pin&#8221; icon_color=&#8221;accent&#8221; size=&#8221;fa-3x&#8221; heading_semantic=&#8221;h5&#8243; text_font=&#8221;font-762333&#8243; text_size=&#8221;h4&#8243; text_space=&#8221;fontspace-111509&#8243; text_reduced=&#8221;yes&#8221; title=&#8221;Adres&#8221; link=&#8221;url:https%3A%2F%2Fwww.google.it%2Fmaps%2Fdir%2F%2FEsentepe%2BMahallesi%2C%2BOptimumBrand%2C%2BKore%2B%25C5%259Eehitleri%2BCaddesi%2C%2B%25C5%259Ei%25C5%259Fli%252F%25C4%25B0stanbul%2F%4041.0711356%2C28.9789542%2C13z%2Fdata%3D!4m8!4m7!1m0!1m5!1m1!1s0x14cab644f82212a7%3A0x26f2d3e411705a12!2m2!1d29.0139736!2d41.0710762%3Fhl%3Den|target:_blank&#8221; link_text=&#8221;Yol Tarifi&#8221;]B\u00fcy\u00fckdere Cad. M\u00fcselles Sok. Onur \u0130\u015f Merkezi No:1 Kat:2 34394 Esentepe \u0130stanbul\/T\u00fcrkiye[\/vc_icon][\/vc_column_inner][\/vc_row_inner][\/vc_column][\/vc_row][vc_row unlock_row_content=&#8221;yes&#8221; row_height_percent=&#8221;60&#8243; override_padding=&#8221;yes&#8221; h_padding=&#8221;0&#8243; top_padding=&#8221;0&#8243; bottom_padding=&#8221;0&#8243; overlay_alpha=&#8221;100&#8243; gutter_size=&#8221;3&#8243; shift_y=&#8221;0&#8243;][vc_column column_width_percent=&#8221;100&#8243; position_horizontal=&#8221;left&#8221; gutter_size=&#8221;3&#8243; expand_height=&#8221;yes&#8221; overlay_alpha=&#8221;100&#8243; shift_x=&#8221;0&#8243; shift_y=&#8221;0&#8243; medium_width=&#8221;0&#8243; zoom_width=&#8221;0&#8243; zoom_height=&#8221;0&#8243; width=&#8221;1\/1&#8243; mobile_height=&#8221;250&#8243;][vc_gmaps map_color=&#8221;accent&#8221; ui_color=&#8221;color-210407&#8243; zoom=&#8221;17&#8243; map_saturation=&#8221;-20&#8243; map_brightness=&#8221;0&#8243; latlon=&#8221;41.0710802, 29.0140132&#8243;][\/vc_column][\/vc_row][vc_row row_height_percent=&#8221;0&#8243; override_padding=&#8221;yes&#8221; h_padding=&#8221;2&#8243; top_padding=&#8221;5&#8243; bottom_padding=&#8221;5&#8243; overlay_alpha=&#8221;100&#8243; gutter_size=&#8221;100&#8243; shift_y=&#8221;0&#8243; style=&#8221;inherited&#8221;][vc_column column_width_use_pixel=&#8221;yes&#8221; align_horizontal=&#8221;align_center&#8221; gutter_size=&#8221;4&#8243; overlay_alpha=&#8221;100&#8243; shift_x=&#8221;0&#8243; shift_y=&#8221;0&#8243; z_index=&#8221;0&#8243; medium_width=&#8221;100&#8243; zoom_width=&#8221;0&#8243; zoom_height=&#8221;0&#8243; width=&#8221;1\/1&#8243; column_width_pixel=&#8221;1000&#8243;][vc_row_inner row_inner_height_percent=&#8221;0&#8243; overlay_alpha=&#8221;100&#8243; gutter_size=&#8221;3&#8243; shift_y=&#8221;0&#8243;][vc_column_inner column_width_use_pixel=&#8221;yes&#8221; align_horizontal=&#8221;align_center&#8221; gutter_size=&#8221;3&#8243; font_family=&#8221;font-134980&#8243; overlay_alpha=&#8221;100&#8243; shift_x=&#8221;0&#8243; shift_y=&#8221;0&#8243; medium_width=&#8221;0&#8243; zoom_width=&#8221;0&#8243; zoom_height=&#8221;0&#8243; width=&#8221;1\/1&#8243; column_width_pixel=&#8221;700&#8243;][vc_custom_heading heading_semantic=&#8221;h1&#8243; text_font=&#8221;font-762333&#8243; text_size=&#8221;h1&#8243; text_space=&#8221;fontspace-111509&#8243; sub_lead=&#8221;yes&#8221; sub_reduced=&#8221;yes&#8221; text_align=&#8221;text-center&#8221; subheading=&#8221;Uzman b\u00f6l\u00fcmlerimizin sizi sekt\u00f6r\u00fcn\u00fczde ileriye ta\u015f\u0131mas\u0131n\u0131 istiyorsan\u0131z, l\u00fctfen a\u015fa\u011f\u0131daki ileti\u015fim formunu doldurun veya info@optimumbrand.com adresinden bizimle ileti\u015fime ge\u00e7in.&#8221;]Bize Ula\u015f\u0131n[\/vc_custom_heading][\/vc_column_inner][\/vc_row_inner]<div class=\"wpcf7 no-js\" id=\"wpcf7-f90299-o1\" lang=\"en-US\" dir=\"ltr\">\n<div class=\"screen-reader-response\"><p role=\"status\" aria-live=\"polite\" aria-atomic=\"true\"><\/p> <ul><\/ul><\/div>\n<form action=\"\/tr\/wp-json\/wp\/v2\/pages\/90231#wpcf7-f90299-o1\" method=\"post\" class=\"wpcf7-form init input-background\" aria-label=\"Contact form\" novalidate=\"novalidate\" data-status=\"init\">\n<div style=\"display: none;\">\n<input type=\"hidden\" name=\"_wpcf7\" value=\"90299\" \/>\n<input type=\"hidden\" name=\"_wpcf7_version\" value=\"5.7.2\" \/>\n<input type=\"hidden\" name=\"_wpcf7_locale\" value=\"en_US\" \/>\n<input type=\"hidden\" name=\"_wpcf7_unit_tag\" value=\"wpcf7-f90299-o1\" \/>\n<input type=\"hidden\" name=\"_wpcf7_container_post\" value=\"0\" \/>\n<input type=\"hidden\" name=\"_wpcf7_posted_data_hash\" value=\"\" \/>\n<\/div>\n<p><span class=\"wpcf7-form-control-wrap\" data-name=\"your-fullname\"><input size=\"40\" class=\"wpcf7-form-control wpcf7-text wpcf7-validates-as-required form-fluid\" aria-required=\"true\" aria-invalid=\"false\" placeholder=\"Ad\/Soyad\" value=\"\" type=\"text\" name=\"your-fullname\" \/><\/span>\n<\/p>\n<div class=\"wpcf7-inline-wrapper\">\n\t<p class=\"wpcf7-inline-field\"><span class=\"wpcf7-form-control-wrap\" data-name=\"your-email\"><input size=\"40\" class=\"wpcf7-form-control wpcf7-text wpcf7-email wpcf7-validates-as-required wpcf7-validates-as-email\" aria-required=\"true\" aria-invalid=\"false\" placeholder=\"E-posta\" value=\"\" type=\"email\" name=\"your-email\" \/><\/span>\n\t<\/p>\n\t<p class=\"wpcf7-inline-field\"><span class=\"wpcf7-form-control-wrap\" data-name=\"your-telephone\"><input size=\"40\" class=\"wpcf7-form-control wpcf7-text wpcf7-validates-as-required form-fluid\" aria-required=\"true\" aria-invalid=\"false\" placeholder=\"Telefon\" value=\"\" type=\"text\" name=\"your-telephone\" \/><\/span>\n\t<\/p>\n<\/div>\n<p>Servis se\u00e7iniz <span class=\"wpcf7-form-control-wrap\" data-name=\"menu-919\"><select class=\"wpcf7-form-control wpcf7-select wpcf7-validates-as-required\" aria-required=\"true\" aria-invalid=\"false\" name=\"menu-919\"><option value=\"OptimoreGroup\">OptimoreGroup<\/option><option value=\"OptimumDirection\">OptimumDirection<\/option><option value=\"OptimumHealth\">OptimumHealth<\/option><option value=\"OptimumBrand\">OptimumBrand<\/option><option value=\"OptimumStartup\">OptimumStartup<\/option><option value=\"OptimumRepresentation\">OptimumRepresentation<\/option><\/select><\/span>\n<\/p>\n<p><span class=\"wpcf7-form-control-wrap\" data-name=\"your-message\"><textarea cols=\"40\" rows=\"8\" class=\"wpcf7-form-control wpcf7-textarea\" aria-invalid=\"false\" placeholder=\"Mesaj\u0131n\u0131z\" name=\"your-message\"><\/textarea><\/span>\n<\/p>\n<p><input class=\"wpcf7-form-control has-spinner wpcf7-submit btn btn-accent\" type=\"submit\" value=\"G\u00f6nder\" \/>\n<\/p><div class=\"wpcf7-response-output\" aria-hidden=\"true\"><\/div><\/form><\/div>[\/vc_column][\/vc_row][vc_row row_height_percent=&#8221;0&#8243; override_padding=&#8221;yes&#8221; h_padding=&#8221;2&#8243; top_padding=&#8221;3&#8243; bottom_padding=&#8221;3&#8243; back_color=&#8221;accent&#8221; overlay_alpha=&#8221;0&#8243; equal_height=&#8221;yes&#8221; gutter_size=&#8221;3&#8243; column_width_percent=&#8221;100&#8243; shift_y=&#8221;0&#8243; z_index=&#8221;0&#8243; desktop_visibility=&#8221;yes&#8221; medium_visibility=&#8221;yes&#8221; mobile_visibility=&#8221;yes&#8221; style=&#8221;inherited&#8221;][vc_column column_width_percent=&#8221;100&#8243; align_horizontal=&#8221;align_center&#8221; gutter_size=&#8221;4&#8243; style=&#8221;dark&#8221; overlay_alpha=&#8221;100&#8243; shift_x=&#8221;0&#8243; shift_y=&#8221;0&#8243; medium_width=&#8221;0&#8243; zoom_width=&#8221;0&#8243; zoom_height=&#8221;0&#8243; width=&#8221;1\/1&#8243;][vc_icon display=&#8221;inline&#8221; icon=&#8221;fa fa-social-facebook&#8221; background_style=&#8221;fa-rounded&#8221; size=&#8221;fa-2x&#8221; link=&#8221;url:https%3A%2F%2Fwww.facebook.com||target:%20_blank&#8221;][\/vc_icon][vc_icon display=&#8221;inline&#8221; icon=&#8221;fa fa-instagram&#8221; background_style=&#8221;fa-rounded&#8221; size=&#8221;fa-2x&#8221; link=&#8221;url:%23||target:%20_blank&#8221;][\/vc_icon][vc_icon display=&#8221;inline&#8221; icon=&#8221;fa fa-social-twitter&#8221; background_style=&#8221;fa-rounded&#8221; size=&#8221;fa-2x&#8221; link=&#8221;url:https%3A%2F%2Ftwitter.com||target:%20_blank&#8221;][\/vc_icon][vc_icon display=&#8221;inline&#8221; icon=&#8221;fa fa-linkedin&#8221; background_style=&#8221;fa-rounded&#8221; size=&#8221;fa-2x&#8221; link=&#8221;url:%23||target:%20_blank&#8221;][\/vc_icon][\/vc_column][\/vc_row]<\/p>\n","protected":false},"excerpt":{"rendered":"<p>If you&#8217;d like to discuss working with us, find out more about the range of services we have to offer, or just want to have a chat, please get in touch.<\/p>\n","protected":false},"author":1,"featured_media":0,"parent":0,"menu_order":0,"comment_status":"open","ping_status":"closed","template":"","meta":[],"yoast_head":"<!-- This site is optimized with the Yoast SEO plugin v21.0 - https:\/\/yoast.com\/wordpress\/plugins\/seo\/ -->\n<title>\u0130leti\u015fim - OptimoreGroup<\/title>\n<meta name=\"robots\" content=\"index, follow, max-snippet:-1, max-image-preview:large, max-video-preview:-1\" \/>\n<link rel=\"canonical\" href=\"https:\/\/optimoregroup.com\/tr\/iletisim\/\" \/>\n<meta property=\"og:locale\" content=\"tr_TR\" \/>\n<meta property=\"og:type\" content=\"article\" \/>\n<meta property=\"og:title\" content=\"\u0130leti\u015fim - OptimoreGroup\" \/>\n<meta property=\"og:description\" content=\"If you&#039;d like to discuss working with us, find out more about the range of services we have to offer, or just want to have a chat, please get in touch.\" \/>\n<meta property=\"og:url\" content=\"https:\/\/optimoregroup.com\/tr\/iletisim\/\" \/>\n<meta property=\"og:site_name\" content=\"OptimoreGroup\" \/>\n<meta property=\"article:modified_time\" content=\"2025-12-02T09:29:44+00:00\" \/>\n<meta name=\"twitter:card\" content=\"summary_large_image\" \/>\n<meta name=\"twitter:label1\" content=\"Tahmini okuma s\u00fcresi\" \/>\n\t<meta name=\"twitter:data1\" content=\"2 dakika\" \/>\n<script type=\"application\/ld+json\" class=\"yoast-schema-graph\">{\"@context\":\"https:\/\/schema.org\",\"@graph\":[{\"@type\":\"WebPage\",\"@id\":\"https:\/\/optimoregroup.com\/tr\/iletisim\/\",\"url\":\"https:\/\/optimoregroup.com\/tr\/iletisim\/\",\"name\":\"\u0130leti\u015fim - OptimoreGroup\",\"isPartOf\":{\"@id\":\"https:\/\/optimoregroup.com\/#website\"},\"datePublished\":\"2014-12-15T17:14:09+00:00\",\"dateModified\":\"2025-12-02T09:29:44+00:00\",\"breadcrumb\":{\"@id\":\"https:\/\/optimoregroup.com\/tr\/iletisim\/#breadcrumb\"},\"inLanguage\":\"tr\",\"potentialAction\":[{\"@type\":\"ReadAction\",\"target\":[\"https:\/\/optimoregroup.com\/tr\/iletisim\/\"]}]},{\"@type\":\"BreadcrumbList\",\"@id\":\"https:\/\/optimoregroup.com\/tr\/iletisim\/#breadcrumb\",\"itemListElement\":[{\"@type\":\"ListItem\",\"position\":1,\"name\":\"Home\",\"item\":\"https:\/\/optimoregroup.com\/tr\/\"},{\"@type\":\"ListItem\",\"position\":2,\"name\":\"\u0130leti\u015fim\"}]},{\"@type\":\"WebSite\",\"@id\":\"https:\/\/optimoregroup.com\/#website\",\"url\":\"https:\/\/optimoregroup.com\/\",\"name\":\"OptimoreGroup\",\"description\":\"Delivering Market Momentum\",\"publisher\":{\"@id\":\"https:\/\/optimoregroup.com\/#organization\"},\"potentialAction\":[{\"@type\":\"SearchAction\",\"target\":{\"@type\":\"EntryPoint\",\"urlTemplate\":\"https:\/\/optimoregroup.com\/?s={search_term_string}\"},\"query-input\":\"required name=search_term_string\"}],\"inLanguage\":\"tr\"},{\"@type\":\"Organization\",\"@id\":\"https:\/\/optimoregroup.com\/#organization\",\"name\":\"Optimore Group\",\"url\":\"https:\/\/optimoregroup.com\/\",\"logo\":{\"@type\":\"ImageObject\",\"inLanguage\":\"tr\",\"@id\":\"https:\/\/optimoregroup.com\/#\/schema\/logo\/image\/\",\"url\":\"https:\/\/optimoregroup.com\/wp-content\/uploads\/2020\/12\/cropped-optimore_group.png\",\"contentUrl\":\"https:\/\/optimoregroup.com\/wp-content\/uploads\/2020\/12\/cropped-optimore_group.png\",\"width\":1920,\"height\":271,\"caption\":\"Optimore Group\"},\"image\":{\"@id\":\"https:\/\/optimoregroup.com\/#\/schema\/logo\/image\/\"}}]}<\/script>\n<!-- \/ Yoast SEO plugin. -->","yoast_head_json":{"title":"\u0130leti\u015fim - OptimoreGroup","robots":{"index":"index","follow":"follow","max-snippet":"max-snippet:-1","max-image-preview":"max-image-preview:large","max-video-preview":"max-video-preview:-1"},"canonical":"https:\/\/optimoregroup.com\/tr\/iletisim\/","og_locale":"tr_TR","og_type":"article","og_title":"\u0130leti\u015fim - OptimoreGroup","og_description":"If you'd like to discuss working with us, find out more about the range of services we have to offer, or just want to have a chat, please get in touch.","og_url":"https:\/\/optimoregroup.com\/tr\/iletisim\/","og_site_name":"OptimoreGroup","article_modified_time":"2025-12-02T09:29:44+00:00","twitter_card":"summary_large_image","twitter_misc":{"Tahmini okuma s\u00fcresi":"2 dakika"},"schema":{"@context":"https:\/\/schema.org","@graph":[{"@type":"WebPage","@id":"https:\/\/optimoregroup.com\/tr\/iletisim\/","url":"https:\/\/optimoregroup.com\/tr\/iletisim\/","name":"\u0130leti\u015fim - OptimoreGroup","isPartOf":{"@id":"https:\/\/optimoregroup.com\/#website"},"datePublished":"2014-12-15T17:14:09+00:00","dateModified":"2025-12-02T09:29:44+00:00","breadcrumb":{"@id":"https:\/\/optimoregroup.com\/tr\/iletisim\/#breadcrumb"},"inLanguage":"tr","potentialAction":[{"@type":"ReadAction","target":["https:\/\/optimoregroup.com\/tr\/iletisim\/"]}]},{"@type":"BreadcrumbList","@id":"https:\/\/optimoregroup.com\/tr\/iletisim\/#breadcrumb","itemListElement":[{"@type":"ListItem","position":1,"name":"Home","item":"https:\/\/optimoregroup.com\/tr\/"},{"@type":"ListItem","position":2,"name":"\u0130leti\u015fim"}]},{"@type":"WebSite","@id":"https:\/\/optimoregroup.com\/#website","url":"https:\/\/optimoregroup.com\/","name":"OptimoreGroup","description":"Delivering Market Momentum","publisher":{"@id":"https:\/\/optimoregroup.com\/#organization"},"potentialAction":[{"@type":"SearchAction","target":{"@type":"EntryPoint","urlTemplate":"https:\/\/optimoregroup.com\/?s={search_term_string}"},"query-input":"required name=search_term_string"}],"inLanguage":"tr"},{"@type":"Organization","@id":"https:\/\/optimoregroup.com\/#organization","name":"Optimore Group","url":"https:\/\/optimoregroup.com\/","logo":{"@type":"ImageObject","inLanguage":"tr","@id":"https:\/\/optimoregroup.com\/#\/schema\/logo\/image\/","url":"https:\/\/optimoregroup.com\/wp-content\/uploads\/2020\/12\/cropped-optimore_group.png","contentUrl":"https:\/\/optimoregroup.com\/wp-content\/uploads\/2020\/12\/cropped-optimore_group.png","width":1920,"height":271,"caption":"Optimore Group"},"image":{"@id":"https:\/\/optimoregroup.com\/#\/schema\/logo\/image\/"}}]}},"_links":{"self":[{"href":"https:\/\/optimoregroup.com\/tr\/wp-json\/wp\/v2\/pages\/90231"}],"collection":[{"href":"https:\/\/optimoregroup.com\/tr\/wp-json\/wp\/v2\/pages"}],"about":[{"href":"https:\/\/optimoregroup.com\/tr\/wp-json\/wp\/v2\/types\/page"}],"author":[{"embeddable":true,"href":"https:\/\/optimoregroup.com\/tr\/wp-json\/wp\/v2\/users\/1"}],"replies":[{"embeddable":true,"href":"https:\/\/optimoregroup.com\/tr\/wp-json\/wp\/v2\/comments?post=90231"}],"version-history":[{"count":7,"href":"https:\/\/optimoregroup.com\/tr\/wp-json\/wp\/v2\/pages\/90231\/revisions"}],"predecessor-version":[{"id":90497,"href":"https:\/\/optimoregroup.com\/tr\/wp-json\/wp\/v2\/pages\/90231\/revisions\/90497"}],"wp:attachment":[{"href":"https:\/\/optimoregroup.com\/tr\/wp-json\/wp\/v2\/media?parent=90231"}],"curies":[{"name":"wp","href":"https:\/\/api.w.org\/{rel}","templated":true}]}}