{"id":90209,"date":"2021-01-14T19:31:46","date_gmt":"2021-01-14T19:31:46","guid":{"rendered":"https:\/\/optimoregroup.com\/optimumrepresentation\/"},"modified":"2021-02-02T08:33:55","modified_gmt":"2021-02-02T08:33:55","slug":"optimumrepresentation-tr","status":"publish","type":"page","link":"https:\/\/optimoregroup.com\/tr\/optimumrepresentation-tr\/","title":{"rendered":"OptimumRepresentation"},"content":{"rendered":"<p>[vc_row row_height_percent=&#8221;0&#8243; override_padding=&#8221;yes&#8221; h_padding=&#8221;2&#8243; top_padding=&#8221;2&#8243; bottom_padding=&#8221;2&#8243; back_color=&#8221;color-gyho&#8221; overlay_alpha=&#8221;50&#8243; gutter_size=&#8221;4&#8243; column_width_percent=&#8221;100&#8243; shift_y=&#8221;0&#8243; z_index=&#8221;0&#8243;][vc_column width=&#8221;1\/1&#8243;][vc_custom_heading heading_semantic=&#8221;p&#8221; text_font=&#8221;font-762333&#8243; text_size=&#8221;h5&#8243; text_weight=&#8221;300&#8243; text_height=&#8221;fontheight-357766&#8243; text_space=&#8221;fontspace-781688&#8243;]2021 y\u0131l\u0131nda hizmetlerimize ekledi\u011fimiz OptimumRepresentation, havayolu &amp; otel temsilcili\u011fi ve destinasyon pazarlama alan\u0131ndaki uzman yakla\u015f\u0131m\u0131m\u0131z\u0131n yeni bir \u00fcr\u00fcn\u00fc. Ba\u015far\u0131m\u0131z\u0131n temelinde ise Marriott International ve b\u00fcnyesindeki 30 markay\u0131 T\u00fcrkiye\u2019de temsil eden karde\u015f \u015firketimiz Atlantis taraf\u0131ndan yarat\u0131lan 25 y\u0131ll\u0131k tecr\u00fcbe yat\u0131yor.[\/vc_custom_heading][\/vc_column][\/vc_row][vc_row row_height_percent=&#8221;0&#8243; override_padding=&#8221;yes&#8221; h_padding=&#8221;2&#8243; top_padding=&#8221;2&#8243; bottom_padding=&#8221;2&#8243; overlay_alpha=&#8221;50&#8243; gutter_size=&#8221;3&#8243; column_width_percent=&#8221;100&#8243; shift_y=&#8221;0&#8243; z_index=&#8221;0&#8243;][vc_column column_width_percent=&#8221;100&#8243; position_vertical=&#8221;middle&#8221; gutter_size=&#8221;3&#8243; overlay_alpha=&#8221;50&#8243; shift_x=&#8221;0&#8243; shift_y=&#8221;0&#8243; shift_y_down=&#8221;0&#8243; z_index=&#8221;0&#8243; medium_width=&#8221;0&#8243; mobile_width=&#8221;0&#8243; width=&#8221;1\/2&#8243;][vc_single_image media=&#8221;89874&#8243; media_width_percent=&#8221;100&#8243; alignment=&#8221;center&#8221;][\/vc_column][vc_column column_width_percent=&#8221;100&#8243; position_vertical=&#8221;middle&#8221; gutter_size=&#8221;3&#8243; overlay_alpha=&#8221;50&#8243; shift_x=&#8221;0&#8243; shift_y=&#8221;0&#8243; shift_y_down=&#8221;0&#8243; z_index=&#8221;0&#8243; medium_width=&#8221;0&#8243; mobile_width=&#8221;0&#8243; width=&#8221;1\/2&#8243;][vc_custom_heading text_size=&#8221;h3&#8243; text_weight=&#8221;500&#8243;]<strong>Sorunsuz b\u00fcy\u00fcme<\/strong>[\/vc_custom_heading][vc_column_text]OptimumRepresentation, yabanc\u0131 \u015firketlere T\u00fcrkiye&#8217;de destinasyon pazarlama ve temsilcilik konular\u0131nda a\u00e7\u0131l\u0131m sa\u011flayan uzman birimimiz. K\u00fcresel bir sat\u0131\u015f acentesi (GSA) olarak yabanc\u0131 kurumlar\u0131n \u015firket kurma zorunlulu\u011funu ve riskini ortadan kald\u0131r\u0131rken, T\u00fcrkiye&#8217;de b\u00fcy\u00fcmelerini veya <strong>h\u0131zla kazanca d\u00f6n\u00fc\u015fen<\/strong> g\u00fc\u00e7l\u00fc bir<strong> marka bilinirli\u011fi<\/strong> olu\u015fturarak pazara girmelerini sa\u011fl\u0131yoruz.<\/p>\n<p>Temsilci \u015firket olarak m\u00fc\u015fterimizin hedef kitlesini h\u0131zla mobilize etme kapasitemizle farkl\u0131la\u015f\u0131yoruz. Ba\u015far\u0131m\u0131z\u0131n merkezinde, do\u011fru m\u00fc\u015fterileri hedeflemek ve onlara ula\u015fmak i\u00e7in kurgulad\u0131\u011f\u0131m\u0131z etkili yakla\u015f\u0131m yat\u0131yor. <strong>Sat\u0131\u015f<\/strong> ve <strong>pazarlamay\u0131<\/strong> uzmanl\u0131kla birle\u015ftirerek m\u00fc\u015fterilerimizde <strong>g\u00fcven<\/strong> olu\u015fturuyor ve sat\u0131\u015flar\u0131n\u0131 art\u0131r\u0131yoruz.[\/vc_column_text][\/vc_column][\/vc_row][vc_row row_height_percent=&#8221;0&#8243; override_padding=&#8221;yes&#8221; h_padding=&#8221;2&#8243; top_padding=&#8221;3&#8243; bottom_padding=&#8221;2&#8243; back_color=&#8221;color-xsdn&#8221; overlay_alpha=&#8221;50&#8243; gutter_size=&#8221;3&#8243; column_width_percent=&#8221;100&#8243; shift_y=&#8221;0&#8243; z_index=&#8221;0&#8243; desktop_visibility=&#8221;yes&#8221; medium_visibility=&#8221;yes&#8221; mobile_visibility=&#8221;yes&#8221;][vc_column column_width_percent=&#8221;100&#8243; gutter_size=&#8221;3&#8243; style=&#8221;light&#8221; overlay_alpha=&#8221;50&#8243; shift_x=&#8221;0&#8243; shift_y=&#8221;0&#8243; shift_y_down=&#8221;0&#8243; z_index=&#8221;0&#8243; medium_width=&#8221;0&#8243; mobile_width=&#8221;0&#8243; width=&#8221;1\/1&#8243;][vc_row_inner][vc_column_inner width=&#8221;1\/2&#8243;][vc_single_image media=&#8221;89638&#8243; media_width_percent=&#8221;100&#8243;][\/vc_column_inner][vc_column_inner column_width_percent=&#8221;100&#8243; position_vertical=&#8221;middle&#8221; gutter_size=&#8221;3&#8243; style=&#8221;light&#8221; overlay_alpha=&#8221;50&#8243; shift_x=&#8221;0&#8243; shift_y=&#8221;0&#8243; shift_y_down=&#8221;0&#8243; z_index=&#8221;0&#8243; medium_width=&#8221;0&#8243; mobile_width=&#8221;0&#8243; width=&#8221;1\/2&#8243;][vc_custom_heading text_size=&#8221;h3&#8243; text_weight=&#8221;500&#8243; subheading=&#8221;Whether you are launching a new product, promoting new services or repositioning your brand to succeed in the post-pandemic world, we will work out how to deliver more results from less effort.&#8221;]<strong>Outcome-focused strategies<\/strong>:[\/vc_custom_heading][vc_custom_heading text_size=&#8221;h3&#8243; text_weight=&#8221;500&#8243; subheading=&#8221;Our PR, digital and advertising campaigns breakthrough the noise in the market to give our clients a leadership position and platform&#8221;]<strong>Breakthrough communication:<\/strong>[\/vc_custom_heading][vc_custom_heading text_size=&#8221;h3&#8243; text_weight=&#8221;500&#8243; subheading=&#8221;Now more than ever, consumers and business customers need to believe in their suppliers. We build confidence and belief by creating opportunities for direct interaction that drives the right audience action.&#8221;]<strong>Effective interaction<\/strong>:[\/vc_custom_heading][\/vc_column_inner][\/vc_row_inner][\/vc_column][\/vc_row][vc_row row_height_percent=&#8221;0&#8243; overlay_alpha=&#8221;50&#8243; gutter_size=&#8221;3&#8243; column_width_percent=&#8221;100&#8243; shift_y=&#8221;0&#8243; z_index=&#8221;0&#8243; desktop_visibility=&#8221;yes&#8221; medium_visibility=&#8221;yes&#8221; mobile_visibility=&#8221;yes&#8221;][vc_column width=&#8221;1\/1&#8243;][vc_separator el_width=&#8221;100%&#8221; el_height=&#8221;1px&#8221;][\/vc_column][\/vc_row][vc_row row_height_percent=&#8221;0&#8243; override_padding=&#8221;yes&#8221; h_padding=&#8221;2&#8243; top_padding=&#8221;2&#8243; bottom_padding=&#8221;2&#8243; overlay_alpha=&#8221;50&#8243; gutter_size=&#8221;3&#8243; column_width_percent=&#8221;100&#8243; shift_y=&#8221;0&#8243; z_index=&#8221;0&#8243; desktop_visibility=&#8221;yes&#8221; medium_visibility=&#8221;yes&#8221; mobile_visibility=&#8221;yes&#8221;][vc_column width=&#8221;1\/2&#8243;][vc_custom_heading text_size=&#8221;h3&#8243; text_weight=&#8221;500&#8243; text_height=&#8221;fontheight-357766&#8243; subheading=&#8221;All our clients aspire to lead in Turkey. They like our approach because each of the steps in the Optimore Way brings them closer to that leadership position. We leave nothing to chance and ensure that our strategies and campaigns are based on the latest data and local market insight.&#8221;]<strong>Delivering brand leadership<\/strong>[\/vc_custom_heading][vc_custom_heading text_size=&#8221;h4&#8243; text_weight=&#8221;500&#8243; text_color=&#8221;color-210407&#8243;]<strong>If you are a destination, an airline or any organisation associated with travel and tourism and transport and wnat to keep your barnd allive in Turkey, <a href=\"#\">contact us<\/a>.<\/strong>[\/vc_custom_heading][\/vc_column][vc_column width=&#8221;1\/2&#8243;][vc_single_image media=&#8221;89636&#8243; media_width_percent=&#8221;100&#8243;][\/vc_column][\/vc_row][vc_row row_height_percent=&#8221;0&#8243; overlay_alpha=&#8221;50&#8243; gutter_size=&#8221;3&#8243; column_width_percent=&#8221;100&#8243; shift_y=&#8221;0&#8243; z_index=&#8221;0&#8243; desktop_visibility=&#8221;yes&#8221; medium_visibility=&#8221;yes&#8221; mobile_visibility=&#8221;yes&#8221;][vc_column width=&#8221;1\/1&#8243;][vc_separator el_width=&#8221;100%&#8221; el_height=&#8221;1px&#8221;][\/vc_column][\/vc_row][vc_row row_height_percent=&#8221;0&#8243; override_padding=&#8221;yes&#8221; h_padding=&#8221;2&#8243; top_padding=&#8221;2&#8243; bottom_padding=&#8221;3&#8243; back_color=&#8221;color-xsdn&#8221; overlay_alpha=&#8221;50&#8243; gutter_size=&#8221;3&#8243; column_width_percent=&#8221;100&#8243; shift_y=&#8221;0&#8243; z_index=&#8221;0&#8243;][vc_column width=&#8221;1\/1&#8243;][vc_custom_heading text_size=&#8221;h1&#8243; text_weight=&#8221;300&#8243; text_height=&#8221;fontheight-357766&#8243;]<strong>Uzman k\u00fcresel sat\u0131\u015f acentesi (GSA) hizmetlerimiz:<\/strong>[\/vc_custom_heading][vc_row_inner][vc_column_inner width=&#8221;1\/2&#8243;][uncode_list icon=&#8221;fa fa-check2&#8243; icon_color=&#8221;color-210407&#8243;]<\/p>\n<ul>\n<li>Sat\u0131\u015f ve Rezervasyon<\/li>\n<li>Pazar Ara\u015ft\u0131rmas\u0131<\/li>\n<li>Sekt\u00f6r ve T\u00fcketici Etkinlikleri \/ Lansmanlar\u0131<\/li>\n<li>Payda\u015f Y\u00f6netimi (STK&#8217;lar vb.)<\/li>\n<li>Markala\u015fma ve Marka Olu\u015fturma<\/li>\n<li>Pazarlama Hizmetleri<\/li>\n<\/ul>\n<p>[\/uncode_list][\/vc_column_inner][vc_column_inner width=&#8221;1\/2&#8243;][uncode_list icon=&#8221;fa fa-check2&#8243; icon_color=&#8221;color-210407&#8243;]<\/p>\n<ul>\n<li>Halkla \u0130li\u015fkiler &amp; Haber Merkezi hizmetleri<\/li>\n<li>Sosyal Medya Y\u00f6netimi<\/li>\n<li>\u0130\u015f Birli\u011fine Dayal\u0131 Pazarlama ve Marka Ortakl\u0131klar\u0131<\/li>\n<li>\u0130nternet Teknolojileri \u00c7\u00f6z\u00fcmleri<\/li>\n<li>Kriz ve Sorun Y\u00f6netimi<\/li>\n<\/ul>\n<p>[\/uncode_list][\/vc_column_inner][\/vc_row_inner][vc_column_text]Destinasyon, havayolu, otel veya seyahat, turizm, ula\u015f\u0131m ile ilgili bir \u015firketseniz ve T\u00fcrkiye&#8217;de ba\u015far\u0131l\u0131 olmak istiyorsan\u0131z, <a href=\"https:\/\/optimoregroup.com\/tr\/iletisim\/\">bizimle ileti\u015fime ge\u00e7in<\/a>.[\/vc_column_text][\/vc_column][\/vc_row][vc_row row_height_percent=&#8221;0&#8243; override_padding=&#8221;yes&#8221; h_padding=&#8221;2&#8243; top_padding=&#8221;2&#8243; bottom_padding=&#8221;2&#8243; back_color=&#8221;color-210407&#8243; back_image=&#8221;89163&#8243; overlay_color=&#8221;color-210407&#8243; overlay_alpha=&#8221;50&#8243; gutter_size=&#8221;3&#8243; column_width_percent=&#8221;100&#8243; shift_y=&#8221;0&#8243; z_index=&#8221;0&#8243;][vc_column column_width_percent=&#8221;100&#8243; position_vertical=&#8221;middle&#8221; gutter_size=&#8221;3&#8243; style=&#8221;dark&#8221; overlay_alpha=&#8221;50&#8243; shift_x=&#8221;0&#8243; shift_y=&#8221;0&#8243; shift_y_down=&#8221;0&#8243; z_index=&#8221;0&#8243; medium_width=&#8221;0&#8243; mobile_width=&#8221;0&#8243; width=&#8221;1\/1&#8243;][vc_custom_heading heading_semantic=&#8221;p&#8221; text_size=&#8221;h5&#8243; text_weight=&#8221;300&#8243; text_space=&#8221;fontspace-781688&#8243;]<\/p>\n<h4><em><strong>\u201cK\u00fcresel markalar\u0131n pandemiden g\u00fc\u00e7lenerek \u00e7\u0131kmas\u0131 i\u00e7in yaratt\u0131\u011f\u0131m\u0131z sa\u011flam temsil ile iyile\u015fmeye katk\u0131 sunmak paha bi\u00e7ilmez.\u201d<\/strong><\/em><\/h4>\n<h5>Sat\u0131\u015f ve Pazarlama M\u00fcd\u00fcr\u00fc<\/h5>\n<p>[\/vc_custom_heading][\/vc_column][\/vc_row][vc_row row_height_percent=&#8221;75&#8243; override_padding=&#8221;yes&#8221; h_padding=&#8221;2&#8243; top_padding=&#8221;6&#8243; bottom_padding=&#8221;6&#8243; back_color=&#8221;color-wayh&#8221; back_image=&#8221;88991&#8243; back_position=&#8221;center top&#8221; parallax=&#8221;yes&#8221; overlay_color=&#8221;color-nhtu&#8221; overlay_alpha=&#8221;10&#8243; gutter_size=&#8221;3&#8243; column_width_percent=&#8221;100&#8243; shift_y=&#8221;0&#8243; z_index=&#8221;1&#8243;][vc_column column_width_percent=&#8221;100&#8243; position_vertical=&#8221;middle&#8221; gutter_size=&#8221;3&#8243; style=&#8221;dark&#8221; overlay_alpha=&#8221;50&#8243; shift_x=&#8221;0&#8243; shift_y=&#8221;0&#8243; shift_y_down=&#8221;0&#8243; z_index=&#8221;0&#8243; medium_width=&#8221;0&#8243; mobile_width=&#8221;0&#8243; width=&#8221;3\/4&#8243;][vc_custom_heading text_font=&#8221;font-762333&#8243; text_size=&#8221;fontsize-155944&#8243; text_weight=&#8221;900&#8243; text_space=&#8221;fontspace-781688&#8243; css_animation=&#8221;curtain&#8221; animation_delay=&#8221;200&#8243; interval_animation=&#8221;200&#8243;]<span class=\"heading-text-highlight \" data-atts='{\"bg\":\"style-color-xsdn-bg\",\"height\":\"10%\",\"offset\":\"0.00em\",\"opacity\":\"0.25\",\"animated\":\"yes\"}'>Worldcom ile uluslararas\u0131 ak\u0131l<\/span>[\/vc_custom_heading][vc_column_text]Destinasyon pazarlama ve uluslararas\u0131 turizmdeki ba\u015far\u0131m\u0131z\u0131 <a href=\"https:\/\/worldcomgroup.com\/\" target=\"_blank\" rel=\"noopener\">Worldcom Halkla \u0130li\u015fkiler Grubu<\/a>\u2019nda bulunan d\u00fcnyan\u0131n en iyi uluslararas\u0131 ajanslar\u0131yla \u00e7al\u0131\u015farak g\u00fc\u00e7lendiriyoruz. Bir\u00e7ok kurum, markalar\u0131n\u0131 \u00f6ne \u00e7\u0131kartmak ve sat\u0131\u015flar\u0131n\u0131 art\u0131rmak i\u00e7in \u00e7al\u0131\u015f\u0131rken, biz d\u00fcnya \u00e7ap\u0131nda 115 \u015fehirdeki Worldcom uzmanlar\u0131n\u0131n ortak akl\u0131ndan faydalan\u0131yoruz. Bu sayede m\u00fc\u015fterilerimiz an\u0131nda etki ve s\u00fcrd\u00fcr\u00fclebilir de\u011fer sa\u011flayan \u00f6nc\u00fc yakla\u015f\u0131mlardan herkesten \u00f6nce faydalan\u0131yor.[\/vc_column_text][vc_empty_space empty_h=&#8221;2&#8243;][vc_row_inner row_inner_height_percent=&#8221;0&#8243; overlay_alpha=&#8221;50&#8243; equal_height=&#8221;yes&#8221; gutter_size=&#8221;4&#8243; shift_y=&#8221;0&#8243; z_index=&#8221;0&#8243; desktop_visibility=&#8221;yes&#8221; medium_visibility=&#8221;yes&#8221; mobile_visibility=&#8221;yes&#8221; limit_content=&#8221;&#8221;][vc_column_inner column_width_percent=&#8221;80&#8243; position_vertical=&#8221;middle&#8221; gutter_size=&#8221;2&#8243; style=&#8221;dark&#8221; overlay_alpha=&#8221;50&#8243; shift_x=&#8221;0&#8243; shift_y=&#8221;0&#8243; shift_y_down=&#8221;0&#8243; z_index=&#8221;0&#8243; medium_width=&#8221;0&#8243; mobile_width=&#8221;0&#8243; width=&#8221;1\/1&#8243;][\/vc_column_inner][\/vc_row_inner][\/vc_column][vc_column width=&#8221;1\/4&#8243;][\/vc_column][\/vc_row][vc_row row_height_percent=&#8221;0&#8243; override_padding=&#8221;yes&#8221; h_padding=&#8221;2&#8243; top_padding=&#8221;3&#8243; bottom_padding=&#8221;4&#8243; back_color=&#8221;color-xsdn&#8221; overlay_alpha=&#8221;50&#8243; gutter_size=&#8221;3&#8243; column_width_percent=&#8221;100&#8243; shift_y=&#8221;0&#8243; z_index=&#8221;0&#8243;][vc_column column_width_percent=&#8221;100&#8243; gutter_size=&#8221;2&#8243; override_padding=&#8221;yes&#8221; column_padding=&#8221;0&#8243; style=&#8221;light&#8221; font_family=&#8221;font-762333&#8243; overlay_alpha=&#8221;50&#8243; shift_x=&#8221;0&#8243; shift_y=&#8221;0&#8243; shift_y_down=&#8221;0&#8243; z_index=&#8221;0&#8243; medium_width=&#8221;0&#8243; mobile_width=&#8221;0&#8243; radius=&#8221;sm&#8221; width=&#8221;1\/1&#8243;][vc_custom_heading text_font=&#8221;font-762333&#8243; text_size=&#8221;fontsize-155944&#8243; text_weight=&#8221;900&#8243; text_space=&#8221;fontspace-781688&#8243; medium_visibility=&#8221;yes&#8221; mobile_visibility=&#8221;yes&#8221;]<strong><span style=\"color: #32b1d4;\">Optimore<\/span> avantaj\u0131ndan<\/strong><br \/>\nfaydalanan \u015firketler[\/vc_custom_heading][vc_custom_heading text_font=&#8221;font-762333&#8243; text_size=&#8221;fontsize-155944&#8243; text_weight=&#8221;900&#8243; desktop_visibility=&#8221;yes&#8221;]<strong><span style=\"color: #32b1d4;\">Optimore<\/span> avantaj\u0131ndan<\/strong><br \/>\nfaydalanan \u015firketler[\/vc_custom_heading][vc_empty_space empty_h=&#8221;2&#8243;][vc_gallery el_id=&#8221;gallery-177091&#8243; type=&#8221;carousel&#8221; medias=&#8221;89208,89289,89996,89234,89733,89288,89219&#8243; carousel_lg=&#8221;5&#8243; carousel_md=&#8221;2&#8243; carousel_sm=&#8221;2&#8243; thumb_size=&#8221;three-two&#8221; gutter_size=&#8221;3&#8243; media_items=&#8221;media|nolink|original&#8221; carousel_interval=&#8221;3000&#8243; carousel_navspeed=&#8221;200&#8243; carousel_loop=&#8221;yes&#8221; stage_padding=&#8221;0&#8243; single_overlay_opacity=&#8221;1&#8243; single_overlay_anim=&#8221;no&#8221; single_image_color_anim=&#8221;yes&#8221; single_padding=&#8221;2&#8243; single_border=&#8221;yes&#8221;][\/vc_column][\/vc_row]<\/p>\n","protected":false},"excerpt":{"rendered":"<p>[vc_row row_height_percent=&#8221;0&#8243; override_padding=&#8221;yes&#8221; h_padding=&#8221;2&#8243; top_padding=&#8221;2&#8243; bottom_padding=&#8221;2&#8243; back_color=&#8221;color-gyho&#8221; overlay_alpha=&#8221;50&#8243; gutter_size=&#8221;4&#8243; column_width_percent=&#8221;100&#8243; shift_y=&#8221;0&#8243; z_index=&#8221;0&#8243;][vc_column width=&#8221;1\/1&#8243;][vc_custom_heading heading_semantic=&#8221;p&#8221; text_font=&#8221;font-762333&#8243; text_size=&#8221;h5&#8243; text_weight=&#8221;300&#8243; text_height=&#8221;fontheight-357766&#8243; text_space=&#8221;fontspace-781688&#8243;]2021 y\u0131l\u0131nda [&hellip;]<\/p>\n","protected":false},"author":1,"featured_media":0,"parent":0,"menu_order":0,"comment_status":"closed","ping_status":"closed","template":"","meta":[],"yoast_head":"<!-- This site is optimized with the Yoast SEO plugin v21.0 - https:\/\/yoast.com\/wordpress\/plugins\/seo\/ -->\n<title>OptimumRepresentation - OptimoreGroup<\/title>\n<meta name=\"robots\" content=\"index, follow, max-snippet:-1, max-image-preview:large, max-video-preview:-1\" \/>\n<link rel=\"canonical\" href=\"https:\/\/optimoregroup.com\/tr\/optimumrepresentation-tr\/\" \/>\n<meta property=\"og:locale\" content=\"tr_TR\" \/>\n<meta property=\"og:type\" content=\"article\" \/>\n<meta property=\"og:title\" content=\"OptimumRepresentation - OptimoreGroup\" \/>\n<meta property=\"og:description\" content=\"[vc_row row_height_percent=&#8221;0&#8243; override_padding=&#8221;yes&#8221; h_padding=&#8221;2&#8243; top_padding=&#8221;2&#8243; bottom_padding=&#8221;2&#8243; back_color=&#8221;color-gyho&#8221; overlay_alpha=&#8221;50&#8243; gutter_size=&#8221;4&#8243; column_width_percent=&#8221;100&#8243; shift_y=&#8221;0&#8243; z_index=&#8221;0&#8243;][vc_column width=&#8221;1\/1&#8243;][vc_custom_heading heading_semantic=&#8221;p&#8221; text_font=&#8221;font-762333&#8243; text_size=&#8221;h5&#8243; text_weight=&#8221;300&#8243; text_height=&#8221;fontheight-357766&#8243; text_space=&#8221;fontspace-781688&#8243;]2021 y\u0131l\u0131nda [&hellip;]\" \/>\n<meta property=\"og:url\" content=\"https:\/\/optimoregroup.com\/tr\/optimumrepresentation-tr\/\" \/>\n<meta property=\"og:site_name\" content=\"OptimoreGroup\" \/>\n<meta property=\"article:modified_time\" content=\"2021-02-02T08:33:55+00:00\" \/>\n<meta name=\"twitter:card\" content=\"summary_large_image\" \/>\n<meta name=\"twitter:label1\" content=\"Tahmini okuma s\u00fcresi\" \/>\n\t<meta name=\"twitter:data1\" content=\"4 dakika\" \/>\n<script type=\"application\/ld+json\" class=\"yoast-schema-graph\">{\"@context\":\"https:\/\/schema.org\",\"@graph\":[{\"@type\":\"WebPage\",\"@id\":\"https:\/\/optimoregroup.com\/tr\/optimumrepresentation-tr\/\",\"url\":\"https:\/\/optimoregroup.com\/tr\/optimumrepresentation-tr\/\",\"name\":\"OptimumRepresentation - OptimoreGroup\",\"isPartOf\":{\"@id\":\"https:\/\/optimoregroup.com\/#website\"},\"datePublished\":\"2021-01-14T19:31:46+00:00\",\"dateModified\":\"2021-02-02T08:33:55+00:00\",\"breadcrumb\":{\"@id\":\"https:\/\/optimoregroup.com\/tr\/optimumrepresentation-tr\/#breadcrumb\"},\"inLanguage\":\"tr\",\"potentialAction\":[{\"@type\":\"ReadAction\",\"target\":[\"https:\/\/optimoregroup.com\/tr\/optimumrepresentation-tr\/\"]}]},{\"@type\":\"BreadcrumbList\",\"@id\":\"https:\/\/optimoregroup.com\/tr\/optimumrepresentation-tr\/#breadcrumb\",\"itemListElement\":[{\"@type\":\"ListItem\",\"position\":1,\"name\":\"Home\",\"item\":\"https:\/\/optimoregroup.com\/tr\/\"},{\"@type\":\"ListItem\",\"position\":2,\"name\":\"OptimumRepresentation\"}]},{\"@type\":\"WebSite\",\"@id\":\"https:\/\/optimoregroup.com\/#website\",\"url\":\"https:\/\/optimoregroup.com\/\",\"name\":\"OptimoreGroup\",\"description\":\"Delivering Market Momentum\",\"publisher\":{\"@id\":\"https:\/\/optimoregroup.com\/#organization\"},\"potentialAction\":[{\"@type\":\"SearchAction\",\"target\":{\"@type\":\"EntryPoint\",\"urlTemplate\":\"https:\/\/optimoregroup.com\/?s={search_term_string}\"},\"query-input\":\"required name=search_term_string\"}],\"inLanguage\":\"tr\"},{\"@type\":\"Organization\",\"@id\":\"https:\/\/optimoregroup.com\/#organization\",\"name\":\"Optimore Group\",\"url\":\"https:\/\/optimoregroup.com\/\",\"logo\":{\"@type\":\"ImageObject\",\"inLanguage\":\"tr\",\"@id\":\"https:\/\/optimoregroup.com\/#\/schema\/logo\/image\/\",\"url\":\"https:\/\/optimoregroup.com\/wp-content\/uploads\/2020\/12\/cropped-optimore_group.png\",\"contentUrl\":\"https:\/\/optimoregroup.com\/wp-content\/uploads\/2020\/12\/cropped-optimore_group.png\",\"width\":1920,\"height\":271,\"caption\":\"Optimore Group\"},\"image\":{\"@id\":\"https:\/\/optimoregroup.com\/#\/schema\/logo\/image\/\"}}]}<\/script>\n<!-- \/ Yoast SEO plugin. -->","yoast_head_json":{"title":"OptimumRepresentation - OptimoreGroup","robots":{"index":"index","follow":"follow","max-snippet":"max-snippet:-1","max-image-preview":"max-image-preview:large","max-video-preview":"max-video-preview:-1"},"canonical":"https:\/\/optimoregroup.com\/tr\/optimumrepresentation-tr\/","og_locale":"tr_TR","og_type":"article","og_title":"OptimumRepresentation - OptimoreGroup","og_description":"[vc_row row_height_percent=&#8221;0&#8243; override_padding=&#8221;yes&#8221; h_padding=&#8221;2&#8243; top_padding=&#8221;2&#8243; bottom_padding=&#8221;2&#8243; back_color=&#8221;color-gyho&#8221; overlay_alpha=&#8221;50&#8243; gutter_size=&#8221;4&#8243; column_width_percent=&#8221;100&#8243; shift_y=&#8221;0&#8243; z_index=&#8221;0&#8243;][vc_column width=&#8221;1\/1&#8243;][vc_custom_heading heading_semantic=&#8221;p&#8221; text_font=&#8221;font-762333&#8243; text_size=&#8221;h5&#8243; text_weight=&#8221;300&#8243; text_height=&#8221;fontheight-357766&#8243; text_space=&#8221;fontspace-781688&#8243;]2021 y\u0131l\u0131nda [&hellip;]","og_url":"https:\/\/optimoregroup.com\/tr\/optimumrepresentation-tr\/","og_site_name":"OptimoreGroup","article_modified_time":"2021-02-02T08:33:55+00:00","twitter_card":"summary_large_image","twitter_misc":{"Tahmini okuma s\u00fcresi":"4 dakika"},"schema":{"@context":"https:\/\/schema.org","@graph":[{"@type":"WebPage","@id":"https:\/\/optimoregroup.com\/tr\/optimumrepresentation-tr\/","url":"https:\/\/optimoregroup.com\/tr\/optimumrepresentation-tr\/","name":"OptimumRepresentation - OptimoreGroup","isPartOf":{"@id":"https:\/\/optimoregroup.com\/#website"},"datePublished":"2021-01-14T19:31:46+00:00","dateModified":"2021-02-02T08:33:55+00:00","breadcrumb":{"@id":"https:\/\/optimoregroup.com\/tr\/optimumrepresentation-tr\/#breadcrumb"},"inLanguage":"tr","potentialAction":[{"@type":"ReadAction","target":["https:\/\/optimoregroup.com\/tr\/optimumrepresentation-tr\/"]}]},{"@type":"BreadcrumbList","@id":"https:\/\/optimoregroup.com\/tr\/optimumrepresentation-tr\/#breadcrumb","itemListElement":[{"@type":"ListItem","position":1,"name":"Home","item":"https:\/\/optimoregroup.com\/tr\/"},{"@type":"ListItem","position":2,"name":"OptimumRepresentation"}]},{"@type":"WebSite","@id":"https:\/\/optimoregroup.com\/#website","url":"https:\/\/optimoregroup.com\/","name":"OptimoreGroup","description":"Delivering Market Momentum","publisher":{"@id":"https:\/\/optimoregroup.com\/#organization"},"potentialAction":[{"@type":"SearchAction","target":{"@type":"EntryPoint","urlTemplate":"https:\/\/optimoregroup.com\/?s={search_term_string}"},"query-input":"required name=search_term_string"}],"inLanguage":"tr"},{"@type":"Organization","@id":"https:\/\/optimoregroup.com\/#organization","name":"Optimore Group","url":"https:\/\/optimoregroup.com\/","logo":{"@type":"ImageObject","inLanguage":"tr","@id":"https:\/\/optimoregroup.com\/#\/schema\/logo\/image\/","url":"https:\/\/optimoregroup.com\/wp-content\/uploads\/2020\/12\/cropped-optimore_group.png","contentUrl":"https:\/\/optimoregroup.com\/wp-content\/uploads\/2020\/12\/cropped-optimore_group.png","width":1920,"height":271,"caption":"Optimore Group"},"image":{"@id":"https:\/\/optimoregroup.com\/#\/schema\/logo\/image\/"}}]}},"_links":{"self":[{"href":"https:\/\/optimoregroup.com\/tr\/wp-json\/wp\/v2\/pages\/90209"}],"collection":[{"href":"https:\/\/optimoregroup.com\/tr\/wp-json\/wp\/v2\/pages"}],"about":[{"href":"https:\/\/optimoregroup.com\/tr\/wp-json\/wp\/v2\/types\/page"}],"author":[{"embeddable":true,"href":"https:\/\/optimoregroup.com\/tr\/wp-json\/wp\/v2\/users\/1"}],"replies":[{"embeddable":true,"href":"https:\/\/optimoregroup.com\/tr\/wp-json\/wp\/v2\/comments?post=90209"}],"version-history":[{"count":7,"href":"https:\/\/optimoregroup.com\/tr\/wp-json\/wp\/v2\/pages\/90209\/revisions"}],"predecessor-version":[{"id":90409,"href":"https:\/\/optimoregroup.com\/tr\/wp-json\/wp\/v2\/pages\/90209\/revisions\/90409"}],"wp:attachment":[{"href":"https:\/\/optimoregroup.com\/tr\/wp-json\/wp\/v2\/media?parent=90209"}],"curies":[{"name":"wp","href":"https:\/\/api.w.org\/{rel}","templated":true}]}}